{"id":10,"date":"2022-10-05T14:49:01","date_gmt":"2022-10-05T14:49:01","guid":{"rendered":"https:\/\/prof.samtokin78.is\/?page_id=10"},"modified":"2023-03-20T15:45:53","modified_gmt":"2023-03-20T15:45:53","slug":"heim","status":"publish","type":"page","link":"https:\/\/prof.samtokin78.is\/","title":{"rendered":"Hvorki n\u00e9, hvoru tveggja e\u00f0a hva\u00f0 sem er?"},"content":{"rendered":"\t\t<div data-elementor-type=\"wp-page\" data-elementor-id=\"10\" class=\"elementor elementor-10\">\n\t\t\t\t\t\t\t<div class=\"elementor-element elementor-element-49efba3 e-container--row e-container\" data-id=\"49efba3\" data-element_type=\"container\">\t\t<div class=\"elementor-element elementor-element-f0b27e2 e-container--column e-container\" data-id=\"f0b27e2\" data-element_type=\"container\">\t\t\t\t<div class=\"elementor-element elementor-element-9be6664 elementor-widget elementor-widget-html\" data-id=\"9be6664\" data-element_type=\"widget\" data-widget_type=\"html.default\">\n\t\t\t\t<div class=\"elementor-widget-container\">\n\t\t\t<!DOCTYPE html>\n    <html lang=\"en\">\n      <head>\n        <meta charset=\"utf-8\" \/>\n        <meta name=\"viewport\" content=\"width=device-width, initial-scale=1\" \/>\n        <title>Hva\u00f0 veistu um sj\u00f3nheilsu?<\/title>\n        <style>*{margin:0;padding:0;} html,body,iframe{border-radius:0 !important;}<\/style>\n      <\/head>\n      <body>\n        <div data-tf-widget=\"qbSG4u8M\" data-tf-opacity=\"100\" data-tf-inline-on-mobile data-tf-iframe-props=\"title=Hva\u00f0 veistu um sj\u00f3nheilsu?\" data-tf-transitive-search-params data-tf-auto-focus data-tf-medium=\"snippet\" data-tf-full-screen><\/div><script src=\"\/\/embed.typeform.com\/next\/embed.js\"><\/script>\n      <\/body>\n    <\/html>\t\t<\/div>\n\t\t\t\t<\/div>\n\t\t<\/div><\/div>\t\t\t\t\t<\/div>\n\t\t","protected":false},"excerpt":{"rendered":"<p>Hva\u00f0 veistu um sj\u00f3nheilsu?<\/p>\n","protected":false},"author":1,"featured_media":19,"parent":0,"menu_order":0,"comment_status":"closed","ping_status":"closed","template":"","meta":{"footnotes":""},"class_list":["post-10","page","type-page","status-publish","has-post-thumbnail","hentry"],"aioseo_notices":[],"_links":{"self":[{"href":"https:\/\/prof.samtokin78.is\/index.php?rest_route=\/wp\/v2\/pages\/10","targetHints":{"allow":["GET"]}}],"collection":[{"href":"https:\/\/prof.samtokin78.is\/index.php?rest_route=\/wp\/v2\/pages"}],"about":[{"href":"https:\/\/prof.samtokin78.is\/index.php?rest_route=\/wp\/v2\/types\/page"}],"author":[{"embeddable":true,"href":"https:\/\/prof.samtokin78.is\/index.php?rest_route=\/wp\/v2\/users\/1"}],"replies":[{"embeddable":true,"href":"https:\/\/prof.samtokin78.is\/index.php?rest_route=%2Fwp%2Fv2%2Fcomments&post=10"}],"version-history":[{"count":18,"href":"https:\/\/prof.samtokin78.is\/index.php?rest_route=\/wp\/v2\/pages\/10\/revisions"}],"predecessor-version":[{"id":158,"href":"https:\/\/prof.samtokin78.is\/index.php?rest_route=\/wp\/v2\/pages\/10\/revisions\/158"}],"wp:featuredmedia":[{"embeddable":true,"href":"https:\/\/prof.samtokin78.is\/index.php?rest_route=\/wp\/v2\/media\/19"}],"wp:attachment":[{"href":"https:\/\/prof.samtokin78.is\/index.php?rest_route=%2Fwp%2Fv2%2Fmedia&parent=10"}],"curies":[{"name":"wp","href":"https:\/\/api.w.org\/{rel}","templated":true}]}}